{"id":107,"date":"2016-03-30T14:41:28","date_gmt":"2016-03-30T12:41:28","guid":{"rendered":"https:\/\/resotech.pl\/?page_id=107"},"modified":"2016-03-30T15:47:35","modified_gmt":"2016-03-30T13:47:35","slug":"kariera","status":"publish","type":"page","link":"https:\/\/resotech.pl\/?page_id=107","title":{"rendered":"Kariera"},"content":{"rendered":"[vc_row][vc_column width=&#8221;2\/3&#8243;][vc_custom_heading text=&#8221;Zosta\u0144 cz\u0119\u015bci\u0105 zespo\u0142u realizuj\u0105cego zaawansowane projekty programistyczne dla wymagaj\u0105cych klient\u00f3w.&#8221; font_container=&#8221;tag:h3|text_align:left&#8221; use_theme_fonts=&#8221;yes&#8221;]\t<div id=\"ninja_forms_form_5_cont\" class=\"ninja-forms-cont\">\n\t\t<div id=\"ninja_forms_form_5_wrap\" class=\"ninja-forms-form-wrap\">\n\t<div id=\"ninja_forms_form_5_response_msg\" style=\"\" class=\"ninja-forms-response-msg \"><\/div>\t<form id=\"ninja_forms_form_5\" enctype=\"multipart\/form-data\" method=\"post\" name=\"\" action=\"\" class=\"ninja-forms-form\">\n\n\t<input type=\"hidden\" id=\"_wpnonce\" name=\"_wpnonce\" value=\"6b3394ce86\" \/><input type=\"hidden\" name=\"_wp_http_referer\" value=\"\/index.php?rest_route=%2Fwp%2Fv2%2Fpages%2F107\" \/>\t<input type=\"hidden\" name=\"_ninja_forms_display_submit\" value=\"1\">\n\t<input type=\"hidden\" name=\"_form_id\"  id=\"_form_id\" value=\"5\">\n\t\t<div class=\"hp-wrap\">\n\t\t<label>If you are a human and are seeing this field, please leave it blank.\t\t\t<input type=\"text\" value=\"\" name=\"_evaWv\">\n\t\t\t<input type=\"hidden\" value=\"_evaWv\" name=\"_hp_name\">\n\t\t<\/label>\n\t<\/div>\n\t\t<div id=\"ninja_forms_form_5_all_fields_wrap\" class=\"ninja-forms-all-fields-wrap\">\n\t\t\t<div class=\"ninja-forms-required-items\">Fields marked with an <span class=\"ninja-forms-req-symbol\">*<\/span> are required<\/div>\n\t\t\t\t\t\t\t\t<div class=\"field-wrap textarea-wrap label-above\"  id=\"ninja_forms_field_9_div_wrap\" data-visible=\"1\">\n\t\t\t\t\t\t\t<input type=\"hidden\" id=\"ninja_forms_field_9_type\" value=\"textarea\">\n\t\t<label for=\"ninja_forms_field_9\" id=\"ninja_forms_field_9_label\" class=\"\">Dlaczego chcesz pracowa\u0107 w RESOTECH? <span class='ninja-forms-req-symbol'><strong>*<\/strong><\/span>\t\t\t\t<img class='ninja-forms-help-text' src=\"https:\/\/resotech.pl\/wp-content\/plugins\/ninja-forms\/deprecated\/images\/question-ico.gif\" title=\"Przedstaw si\u0119, opisz Twoje mocne strony.\" alt=\"Help Text\">\n\t\t\t<\/label>\n\t\t\t\t<textarea name=\"ninja_forms_field_9\" id=\"ninja_forms_field_9\" class=\"ninja-forms-field  ninja-forms-req\" rel=\"9\" data-input-limit=\"\" data-input-limit-type=\"char\" data-input-limit-msg=\"character(s) left\"><\/textarea>\n\t\t\t<div id=\"ninja_forms_field_9_error\" style=\"display:none;\" class=\"ninja-forms-field-error\">\n\t\t<\/div>\n\t\t\t\t\t\t\t<\/div>\n\t\t\t\t\t\t\t\t\t\t\t\t<div class=\"field-wrap textarea-wrap label-above\"  id=\"ninja_forms_field_10_div_wrap\" data-visible=\"1\">\n\t\t\t\t\t\t\t<input type=\"hidden\" id=\"ninja_forms_field_10_type\" value=\"textarea\">\n\t\t<label for=\"ninja_forms_field_10\" id=\"ninja_forms_field_10_label\" class=\"\">Informacje kontaktowe <span class='ninja-forms-req-symbol'><strong>*<\/strong><\/span>\t\t\t\t<img class='ninja-forms-help-text' src=\"https:\/\/resotech.pl\/wp-content\/plugins\/ninja-forms\/deprecated\/images\/question-ico.gif\" title=\"Jak mamy si\u0119 z Tob\u0105 skontaktowa\u0107?\" alt=\"Help Text\">\n\t\t\t<\/label>\n\t\t\t\t<textarea name=\"ninja_forms_field_10\" id=\"ninja_forms_field_10\" class=\"ninja-forms-field  ninja-forms-req\" rel=\"10\" data-input-limit=\"\" data-input-limit-type=\"char\" data-input-limit-msg=\"character(s) left\"><\/textarea>\n\t\t\t<div id=\"ninja_forms_field_10_error\" style=\"display:none;\" class=\"ninja-forms-field-error\">\n\t\t<\/div>\n\t\t\t\t\t\t\t<\/div>\n\t\t\t\t\t\t\t\t\t\t\t\t<div class=\"field-wrap submit-wrap label-above full-width-wrap\"  id=\"ninja_forms_field_8_div_wrap\" data-visible=\"1\">\n\t\t\t\t\t\t\t<input type=\"hidden\" id=\"ninja_forms_field_8_type\" value=\"submit\">\n\t<div id=\"nf_submit_5\">\n\t\t<input type=\"submit\" name=\"_ninja_forms_field_8\" class=\"ninja-forms-field  full-width\" id=\"ninja_forms_field_8\" value=\"Aplikuj\" rel=\"8\" >\n\t<\/div>\n\t<div id=\"nf_processing_5\" style=\"display:none;\">\n\t\t<input type=\"submit\" name=\"_ninja_forms_field_8\" class=\"ninja-forms-field  full-width\" id=\"ninja_forms_field_8\" value=\"Processing\" rel=\"8\" disabled>\n\t<\/div>\n\t\t<div id=\"ninja_forms_field_8_error\" style=\"display:none;\" class=\"ninja-forms-field-error\">\n\t\t<\/div>\n\t<div class=\"ninja-forms-field-description\"><p>Naciskaj\u0105c przycisk akceptujesz o\u015bwiadczenie:<\/p>\n<p>\u201cWyra\u017cam zgod\u0119 na przetwarzanie moich danych osobowych dla potrzeb niezb\u0119dnych do realizacji procesu rekrutacyjnego, zgodnie z przepisami ustawy z 29.08.1997 o ochronie danych osobowych (t.j. Dz.U. z 2002 r. Nr 101, poz. 926 z po\u017a. zm.). Przyjmuj\u0119 do wiadomo\u015bci, \u017ce przys\u0142uguje mi prawo wgl\u0105du do tre\u015bci moich danych oraz ich poprawiania.\u201d<\/p>\n<\/div>\t\t\t\t\t\t<\/div>\n\t\t\t\t\t\t\t<\/div>\n\t\t<\/form>\n\t\t<\/div>\n\t\t<\/div>\n\t[\/vc_column][vc_column width=&#8221;1\/3&#8243;][vc_cta h2=&#8221;Mi\u0119dzynarodowe \u015brodowisko pracy&#8221; shape=&#8221;square&#8221; style=&#8221;flat&#8221; color=&#8221;grey&#8221;]Resotech dzia\u0142a aktywne na arenie mi\u0119dzynarodowej. Pracuj\u0105c z nami otrzymasz mo\u017cliwo\u015b\u0107 poznawania reali\u00f3w projekt\u00f3w dla zagranicznych klient\u00f3w, doskonalenia j\u0119zyk\u00f3w obcych i wsp\u00f3\u0142pracy z osobami \u00a0z innych kr\u0119g\u00f3w kulturowych.[\/vc_cta][vc_cta h2=&#8221;Elastyczno\u015b\u0107 dzia\u0142ania&#8221; shape=&#8221;square&#8221; style=&#8221;flat&#8221; color=&#8221;grey&#8221;]Nasza si\u0142a le\u017cy w kompetencjach \u00a0pracownik\u00f3w, a nie w procedurach. Elastyczno\u015b\u0107 godzin pracy, r\u00f3\u017cne formy zatrudnienia, mo\u017cliwo\u015bci pracy u klienta czy zdalnej traktujemy jako narz\u0119dzia zwi\u0119kszaj\u0105ce nasz\u0105 konkurencyjno\u015b\u0107.[\/vc_cta][vc_cta h2=&#8221;Kreatywne podej\u015bcie&#8221; shape=&#8221;square&#8221; style=&#8221;flat&#8221; color=&#8221;grey&#8221;]Cenimy pomys\u0142owo\u015b\u0107 i wspieramy kreatywno\u015b\u0107 naszych wsp\u00f3\u0142pracownik\u00f3w poprzez otwarto\u015b\u0107 na ciekawe rozwi\u0105zania. \u017badnej idei nie pozostawiamy samej sobie, a kreatywno\u015b\u0107 ceniona jest tu nie mniej ni\u017c solidno\u015b\u0107 czy efektywno\u015b\u0107.[\/vc_cta][vc_cta h2=&#8221;Najwa\u017cniejsza jest atmosfera&#8221; shape=&#8221;square&#8221; style=&#8221;flat&#8221; color=&#8221;grey&#8221;]Wierzymy \u017ce skuteczny przep\u0142yw informacji, \u0142atwo\u015b\u0107 komunikacji i dobre samopoczucie w zespole maj\u0105 wymierny wp\u0142yw na sukces firmy.[\/vc_cta][\/vc_column][\/vc_row]\n","protected":false},"excerpt":{"rendered":"<p>[vc_row][vc_column width=&#8221;2\/3&#8243;][vc_custom_heading text=&#8221;Zosta\u0144 cz\u0119\u015bci\u0105 zespo\u0142u realizuj\u0105cego zaawansowane projekty programistyczne dla wymagaj\u0105cych klient\u00f3w.&#8221; font_container=&#8221;tag:h3|text_align:left&#8221; use_theme_fonts=&#8221;yes&#8221;][\/vc_column][vc_column width=&#8221;1\/3&#8243;][vc_cta h2=&#8221;Mi\u0119dzynarodowe \u015brodowisko pracy&#8221; shape=&#8221;square&#8221; style=&#8221;flat&#8221; color=&#8221;grey&#8221;]Resotech dzia\u0142a aktywne na arenie mi\u0119dzynarodowej. Pracuj\u0105c z nami otrzymasz mo\u017cliwo\u015b\u0107 poznawania<a class=\"moretag\" href=\"https:\/\/resotech.pl\/?page_id=107\">Read More&#8230;<\/a><\/p>\n","protected":false},"author":1,"featured_media":0,"parent":0,"menu_order":0,"comment_status":"closed","ping_status":"closed","template":"","meta":[],"_links":{"self":[{"href":"https:\/\/resotech.pl\/index.php?rest_route=\/wp\/v2\/pages\/107"}],"collection":[{"href":"https:\/\/resotech.pl\/index.php?rest_route=\/wp\/v2\/pages"}],"about":[{"href":"https:\/\/resotech.pl\/index.php?rest_route=\/wp\/v2\/types\/page"}],"author":[{"embeddable":true,"href":"https:\/\/resotech.pl\/index.php?rest_route=\/wp\/v2\/users\/1"}],"replies":[{"embeddable":true,"href":"https:\/\/resotech.pl\/index.php?rest_route=%2Fwp%2Fv2%2Fcomments&post=107"}],"version-history":[{"count":13,"href":"https:\/\/resotech.pl\/index.php?rest_route=\/wp\/v2\/pages\/107\/revisions"}],"predecessor-version":[{"id":124,"href":"https:\/\/resotech.pl\/index.php?rest_route=\/wp\/v2\/pages\/107\/revisions\/124"}],"wp:attachment":[{"href":"https:\/\/resotech.pl\/index.php?rest_route=%2Fwp%2Fv2%2Fmedia&parent=107"}],"curies":[{"name":"wp","href":"https:\/\/api.w.org\/{rel}","templated":true}]}}