{"id":13,"date":"2016-03-29T14:46:52","date_gmt":"2016-03-29T12:46:52","guid":{"rendered":"https:\/\/resotech.pl\/?page_id=13"},"modified":"2016-03-30T12:40:06","modified_gmt":"2016-03-30T10:40:06","slug":"tworzenie-rozwiazan-dedykowanych","status":"publish","type":"page","link":"https:\/\/resotech.pl\/?page_id=13","title":{"rendered":"Tworzenie rozwi\u0105za\u0144 dedykowanych"},"content":{"rendered":"<p>Pomimo ogromnej liczby dost\u0119pnych na rynku gotowych aplikacji i&#160;system\u00f3w informatycznych, bardzo rzadko zdarza si\u0119 sytuacja, w&#160;kt\u00f3rej odnale\u017a\u0107 mo\u017cna rozwi\u0105zanie idealnie dostosowane do potrzeb klienta. Cz\u0119sto nawet platformy, okre\u015blane jako uniwersalne i&#160;wymagaj\u0105ce jedynie konfiguracji, nie s\u0105 w&#160;stanie sprosta\u0107 specyficznym oczekiwaniom funkcjonalnym, dotycz\u0105cym bezpiecze\u0144stwa lub wydajno\u015bci. W&#160;podobnej sytuacji jedynym rozwi\u0105zaniem pozostaje stworzenie systemu \u201eszytego na miar\u0119\u201d, dostosowanego do reali\u00f3w funkcjonowania przedsi\u0119biorstwa lub urz\u0119du.<br \/>\n&#160;<br \/>\nCzynnikami maj\u0105cymi istotny wp\u0142yw na podj\u0119cie decyzji o&#160;zleceniu stworzenia rozwi\u0105zania dedykowanego s\u0105:<\/p>\n<ul>\n<li>Znaczna wielko\u015b\u0107 organizacji.<\/li>\n<li>Zdywersyfikowana dzia\u0142alno\u015b\u0107.<\/li>\n<li>Du\u017ca liczba obszar\u00f3w biznesowych, kt\u00f3re ma wspiera\u0107 system.<\/li>\n<li>Du\u017ca liczba czynno\u015bci, operacji, proces\u00f3w, przewidzianych do obs\u0142ugi przez rozwi\u0105zanie.<\/li>\n<li>Brak rzetelnych informacji o&#160;zako\u0144czonych sukcesem wdro\u017ceniach typowych system\u00f3w w&#160;bran\u017cy, w&#160;kt\u00f3rej dzia\u0142a organizacja.<\/li>\n<\/ul>\n<p>Nale\u017cy pami\u0119ta\u0107 o&#160;tym, \u017ce tworzenie dedykowanych aplikacji i&#160;system\u00f3w, w&#160;szczeg\u00f3lno\u015bci du\u017cych, jest procesem wieloetapowym, wymagaj\u0105cym zaanga\u017cowania firm posiadaj\u0105cych do\u015bwiadczenie w zarz\u0105dzaniu zespo\u0142ami do\u015bwiadczonych specjalist\u00f3w posiadaj\u0105cych zr\u00f3\u017cnicowane kompetencje.<\/p>\n<p>Zakres us\u0142ug oferowanych przez Resotech:<\/p>\n<ul>\n<li>Analiza wymaga\u0144 zg\u0142oszonych przez Zamawiaj\u0105cego pod k\u0105tem ich kompletno\u015bci i&#160;sp\u00f3jno\u015bci.<\/li>\n<li>Opcjonalnie przeprowadzenie wywiad\u00f3w zmierzaj\u0105cych do uzupe\u0142nienia brakuj\u0105cych wymaga\u0144 funkcjonalnych i&#160;niefunkcjonalnych, w&#160;tym dotycz\u0105cych zasilania rozwi\u0105zania danymi, migracji danych oraz integracji z&#160;innymi rozwi\u0105zaniami.<\/li>\n<li>Uzgodnienie wymaga\u0144 i&#160;stworzenie kompletnego projektu rozwi\u0105zania na wysokim poziomie og\u00f3lno\u015bci (High-Level Design) oraz planu prac.<\/li>\n<li>Stworzenie szczeg\u00f3\u0142owego projektu rozwi\u0105zania.<\/li>\n<li>Wytworzenie rozwi\u0105zania, w&#160;tym opracowanie dokumentacji powykonawczej.<\/li>\n<li>Przeprowadzenie test\u00f3w deweloperskich i&#160;\u015bwiadczenie wsparcia w&#160;trakcie test\u00f3w odbiorowych, prowadzonych przez Zamawiaj\u0105cego.<\/li>\n<li>Uruchomienie i&#160;integracja rozwi\u0105zania lub wsparcie wdro\u017ceniowe dla s\u0142u\u017cb IT Zamawiaj\u0105cego.<\/li>\n<li>Szkolenie u\u017cytkownik\u00f3w (Administratorzy, Trenerzy Wewn\u0119trzni, U\u017cytkownicy Ko\u0144cowi), w&#160;tym przygotowanie dokumentacji.<\/li>\n<li>Serwis systemu w&#160;fazach stabilizacji i&#160;gwarancji, w&#160;tym us\u0142ugi supportu technicznego i&#160;doradztwo rozwojowe.<\/li>\n<\/ul>\n<p>Dzi\u0119ki zdobytemu do\u015bwiadczeniu oraz do\u015bwiadczeniu naszych sprawdzonych partner\u00f3w Resotech dysponuje zespo\u0142em dobrze wykwalifikowanych programist\u00f3w m.in. w nast\u0119puj\u0105cych technologiach:<\/p>\n<ul>\n<li>j\u0119zyki programowania: Java, C#, C++,<\/li>\n<li>\u015brodowiska: Eclipse, MS Visual Studio, Borland C++ Builder,<\/li>\n<li>bazy danych: Oracle, MS SQL Server, DB2,<\/li>\n<li>serwery aplikacyjne: WebSphere, WebLogic, Boss.<\/li>\n<\/ul>\n","protected":false},"excerpt":{"rendered":"<p>Pomimo ogromnej liczby dost\u0119pnych na rynku gotowych aplikacji i&#160;system\u00f3w informatycznych, bardzo rzadko zdarza si\u0119 sytuacja, w&#160;kt\u00f3rej odnale\u017a\u0107 mo\u017cna rozwi\u0105zanie idealnie dostosowane do potrzeb klienta. Cz\u0119sto nawet platformy, okre\u015blane jako uniwersalne i&#160;wymagaj\u0105ce jedynie<a class=\"moretag\" href=\"https:\/\/resotech.pl\/?page_id=13\">Read More&#8230;<\/a><\/p>\n","protected":false},"author":1,"featured_media":0,"parent":11,"menu_order":0,"comment_status":"closed","ping_status":"closed","template":"","meta":[],"_links":{"self":[{"href":"https:\/\/resotech.pl\/index.php?rest_route=\/wp\/v2\/pages\/13"}],"collection":[{"href":"https:\/\/resotech.pl\/index.php?rest_route=\/wp\/v2\/pages"}],"about":[{"href":"https:\/\/resotech.pl\/index.php?rest_route=\/wp\/v2\/types\/page"}],"author":[{"embeddable":true,"href":"https:\/\/resotech.pl\/index.php?rest_route=\/wp\/v2\/users\/1"}],"replies":[{"embeddable":true,"href":"https:\/\/resotech.pl\/index.php?rest_route=%2Fwp%2Fv2%2Fcomments&post=13"}],"version-history":[{"count":4,"href":"https:\/\/resotech.pl\/index.php?rest_route=\/wp\/v2\/pages\/13\/revisions"}],"predecessor-version":[{"id":42,"href":"https:\/\/resotech.pl\/index.php?rest_route=\/wp\/v2\/pages\/13\/revisions\/42"}],"up":[{"embeddable":true,"href":"https:\/\/resotech.pl\/index.php?rest_route=\/wp\/v2\/pages\/11"}],"wp:attachment":[{"href":"https:\/\/resotech.pl\/index.php?rest_route=%2Fwp%2Fv2%2Fmedia&parent=13"}],"curies":[{"name":"wp","href":"https:\/\/api.w.org\/{rel}","templated":true}]}}