{"id":23,"date":"2016-03-29T16:33:42","date_gmt":"2016-03-29T14:33:42","guid":{"rendered":"https:\/\/resotech.pl\/?page_id=23"},"modified":"2020-07-21T11:47:58","modified_gmt":"2020-07-21T09:47:58","slug":"o-firmie","status":"publish","type":"page","link":"https:\/\/resotech.pl\/?page_id=23","title":{"rendered":"O firmie"},"content":{"rendered":"[vc_row][vc_column][vc_column_text]\n<h2>RESOTECH SP\u00d3\u0141KA Z OGRANICZON\u0104 ODPOWIEDZIALNO\u015aCI\u0104<\/h2>\n<ul>\n<li>KRS: 0000430774<\/li>\n<li>REGON: 14612557600000<\/li>\n<li>NIP: 5322044000<\/li>\n<\/ul>\n<p>ul. Zwi\u0105zkowa 26<br \/>\n20-148 Lublin<\/p>\n<p><strong>Resotech<\/strong> jest firm\u0105 dostarczaj\u0105c\u0105 rozwi\u0105zania i \u015bwiadcz\u0105c\u0105 us\u0142ugi IT.<\/p>\n<p>Od kliku lat z sukcesem realizujemy wyzwania stawiane nam przez naszych Klient\u00f3w.<br \/>\nDzi\u0119ki jako\u015bci naszych us\u0142ug, elastyczno\u015bci oraz do\u015bwiadczeniu w pracy dla klient\u00f3w polskich oraz mi\u0119dzynarodowych, zainteresowanie nasz\u0105 firm\u0105 stale ro\u015bnie.<br \/>\nResotech jest firma za\u0142o\u017con\u0105 przez utalentowanych ludzi, kt\u00f3rzy swoj\u0105 pasja i oddaniem zmieniaj\u0105 \u015bwiat us\u0142ug IT.[\/vc_column_text][\/vc_column][\/vc_row][vc_row][vc_column][vc_custom_heading text=&#8221;Nasze cele&#8221; use_theme_fonts=&#8221;yes&#8221;][\/vc_column][\/vc_row][vc_row][vc_column width=&#8221;1\/3&#8243;][vc_custom_heading text=&#8221;Wspieranie biznesu&#8221; font_container=&#8221;tag:h4|text_align:left&#8221; use_theme_fonts=&#8221;yes&#8221;][vc_column_text]\u2026poprzez sumienne podej\u015bcie do jego r\u00f3\u017cnych aspekt\u00f3w. Spe\u0142nianie oczekiwa\u0144\u00a0biznesowych\u00a0nie stanowi dla nas wyzwania dlatego staramy si\u0119 optymalizowa\u0107 rozwi\u0105zanie,\u00a0prezentowa\u0107 wachlarz mo\u017cliwo\u015bci dodatkowych, a na dostarczane\u00a0produkty\u00a0patrze\u0107 przez pryzmat\u00a0rozwoju.[\/vc_column_text][\/vc_column][vc_column width=&#8221;1\/3&#8243;][vc_custom_heading text=&#8221;Wspieranie zespo\u0142u&#8221; font_container=&#8221;tag:h4|text_align:left&#8221; use_theme_fonts=&#8221;yes&#8221;][vc_column_text]\u2026poprzez spe\u0142nianie oczekiwa\u0144. Zesp\u00f3\u0142 wsp\u00f3\u0142pracownik\u00f3w\u00a0jest s\u0105 najwi\u0119ksz\u0105 warto\u015bci\u0105 naszej firmy, dlatego dok\u0142adamy wszelkich stara\u0144, aby na ka\u017cdym etapie\u00a0projektu\u00a0czuli si\u0119 docenieni oraz aby mieli realny wk\u0142ad w ostateczny kszta\u0142t\u00a0rozwi\u0105zania.[\/vc_column_text][\/vc_column][vc_column width=&#8221;1\/3&#8243;][vc_custom_heading text=&#8221;Wspieranie idei&#8221; font_container=&#8221;tag:h4|text_align:left&#8221; use_theme_fonts=&#8221;yes&#8221;][vc_column_text]\u2026poprzez odwa\u017cne realizacje. Pracujemy nad tym by wci\u0105\u017c by\u0107 prawdziw\u0105 kopalni\u0105\u00a0pomys\u0142\u00f3w. Dostosowujemy si\u0119 \u00a0do\u00a0potrzeb\u00a0Klienta nie zamykaj\u0105c si\u0119 w sztywnych ramach gotowych produkt\u00f3w.\u00a0Wykorzystujemy istniej\u0105ce, i tworzymy w\u0142asne,\u00a0rozwi\u0105zania\u2013 r\u00f3wnie\u017c\u00a0Open Source.[\/vc_column_text][\/vc_column][\/vc_row]\n","protected":false},"excerpt":{"rendered":"<p>[vc_row][vc_column][vc_column_text] RESOTECH SP\u00d3\u0141KA Z OGRANICZON\u0104 ODPOWIEDZIALNO\u015aCI\u0104 KRS: 0000430774 REGON: 14612557600000 NIP: 5322044000 ul. Zwi\u0105zkowa 26 20-148 Lublin Resotech jest firm\u0105 dostarczaj\u0105c\u0105 rozwi\u0105zania i \u015bwiadcz\u0105c\u0105 us\u0142ugi IT. Od kliku lat z sukcesem realizujemy<a class=\"moretag\" href=\"https:\/\/resotech.pl\/?page_id=23\">Read More&#8230;<\/a><\/p>\n","protected":false},"author":1,"featured_media":0,"parent":0,"menu_order":0,"comment_status":"closed","ping_status":"closed","template":"","meta":[],"_links":{"self":[{"href":"https:\/\/resotech.pl\/index.php?rest_route=\/wp\/v2\/pages\/23"}],"collection":[{"href":"https:\/\/resotech.pl\/index.php?rest_route=\/wp\/v2\/pages"}],"about":[{"href":"https:\/\/resotech.pl\/index.php?rest_route=\/wp\/v2\/types\/page"}],"author":[{"embeddable":true,"href":"https:\/\/resotech.pl\/index.php?rest_route=\/wp\/v2\/users\/1"}],"replies":[{"embeddable":true,"href":"https:\/\/resotech.pl\/index.php?rest_route=%2Fwp%2Fv2%2Fcomments&post=23"}],"version-history":[{"count":14,"href":"https:\/\/resotech.pl\/index.php?rest_route=\/wp\/v2\/pages\/23\/revisions"}],"predecessor-version":[{"id":256,"href":"https:\/\/resotech.pl\/index.php?rest_route=\/wp\/v2\/pages\/23\/revisions\/256"}],"wp:attachment":[{"href":"https:\/\/resotech.pl\/index.php?rest_route=%2Fwp%2Fv2%2Fmedia&parent=23"}],"curies":[{"name":"wp","href":"https:\/\/api.w.org\/{rel}","templated":true}]}}