{"id":49,"date":"2016-03-30T13:05:43","date_gmt":"2016-03-30T11:05:43","guid":{"rendered":"https:\/\/resotech.pl\/?page_id=49"},"modified":"2016-04-12T13:42:21","modified_gmt":"2016-04-12T11:42:21","slug":"projektowanie-i-uslugi-analityczne","status":"publish","type":"page","link":"https:\/\/resotech.pl\/?page_id=49","title":{"rendered":"Projektowanie i us\u0142ugi analityczne"},"content":{"rendered":"<p>Niejednokrotnie o sukcesie wdra\u017canych rozwi\u0105za\u0144 decyduj\u0105 etapy analizy i projektowania. Korzystaj\u0105c z naszej wiedzy i do\u015bwiadczenia oferujemy us\u0142ugi skupiaj\u0105ce projektowanie i analityk\u0119 planowanych rozwi\u0105za\u0144 informatycznych.<\/p>\n<p>Dzi\u0119ki zdobytemu do\u015bwiadczeniu w realizowanych projektach jeste\u015bmy w stanie przeprowadzi\u0107\u00a0analizy, zaprojektowa\u0107 rozwi\u0105zania i stworz\u0105 dokumentacj\u0119 niezb\u0119dn\u0105 do ostatecznej\u00a0implementacji.<\/p>\n<p>Wa\u017cn\u0105\u00a0cz\u0119\u015bci\u0105 us\u0142ug analitycznych proponowanych przez <strong>Resotech<\/strong> s\u0105 tak\u017ce badania\u00a0istniej\u0105cych rozwi\u0105za\u0144 informatycznych, funkcjonuj\u0105cych w organizacji, kt\u00f3re maj\u0105 zosta\u0107 zast\u0105pione lub uzupe\u0142nione przez projektowany system. Obejmuj\u0105 one\u00a0analiz\u0119 funkcji realizowanych przez system, analiz\u0119 u\u017cyteczno\u015bci, analiz\u0119 danych oraz analiz\u0119 interfejs\u00f3w mi\u0119dzysystemowych.<\/p>\n<h2>Projekty funkcjonalne aplikacji<\/h2>\n<p>Projekt funkcjonalny aplikacji stanowi podstaw\u0119 sukcesu wdro\u017cenia ka\u017cdego systemu informatycznego. Traktuj\u0105c to jako kanon, oferujemy mo\u017cliwo\u015b\u0107 skorzystania z wieloletniego do\u015bwiadczenia w projektowaniu najwi\u0119kszych system\u00f3w internetowych.<br \/>\nNaszym klientom \u015bwiadczymy us\u0142ugi najwy\u017cszej jako\u015bci w oparciu o eksperck\u0105 wiedz\u0119 i do\u015bwiadczenie. W ich r\u0119ce oddajemy w pe\u0142ni udokumentowane projekty funkcjonalne, polecane szczeg\u00f3lnie w przypadku tworzenia rozbudowanych aplikacji, e-sklep\u00f3w, intranet\u00f3w czy serwis\u00f3w www.<\/p>\n<p>Zalety wynikaj\u0105ce z przygotowania projektu funkcjonalnego:<\/p>\n<ul>\n<li>Kompleksowe przygotowanie wyceny jak r\u00f3wnie\u017c okre\u015blenie przewidywalnego czasu realizacji.<\/li>\n<li>Zmniejszone ryzyko wyst\u0105pienia potencjalnych nieporozumie\u0144 mi\u0119dzy zespo\u0142em realizuj\u0105cym a Klientem.<\/li>\n<li>W projekcie funkcjonalnym klient mo\u017ce odnale\u017a\u0107 odpowiedzi na pytania dotycz\u0105ce realizacji projektu, co zdecydowanie przyspiesza czas realizacji projektu.<\/li>\n<li>Pozwala na wczesnym etapie wy\u0142apa\u0107 potencjalne nieprawid\u0142owo\u015bci.<\/li>\n<\/ul>\n<h2>Us\u0142ugi analityczne<\/h2>\n<p>Kluczowym celem us\u0142ug analitycznych jest stworzenie szczeg\u00f3\u0142owej dokumentacji, kt\u00f3ra b\u0119dzie stanowi\u0107 odzwierciedlenie w postaci opis\u00f3w i diagram\u00f3w wizji strategicznej oraz technologicznej analizowanego przedsi\u0119biorstwa lub systemu.<\/p>\n<p>Proponowane przez <strong>Resotech<\/strong> us\u0142ugi analityczne pozwalaj\u0105 zidentyfikowa\u0107 i skategoryzowa\u0107 procesy biznesowe, technologie oraz modu\u0142y systemowe. Opisuj\u0105c procesy w ramach us\u0142ug analitycznych zwracamy szczeg\u00f3ln\u0105 uwag\u0119 na dok\u0142adno\u015b\u0107 \u2013 wychodz\u0105c od u\u0142atwienia w postaci opisu biznesowych przypadk\u00f3w u\u017cycia po uszczeg\u00f3\u0142awianie w ramach standardu BPMN.<\/p>\n<p>Proponowane przez nas us\u0142ugi analityczne:<\/p>\n<ul>\n<li>Konsultacje technologiczne i analiza wykonalno\u015bci<\/li>\n<li>Tworzenie koncepcji systemu<\/li>\n<li>Analizy systemowe<\/li>\n<li>Analizy i projektowanie proces\u00f3w biznesowych<\/li>\n<\/ul>\n","protected":false},"excerpt":{"rendered":"<p>Niejednokrotnie o sukcesie wdra\u017canych rozwi\u0105za\u0144 decyduj\u0105 etapy analizy i projektowania. Korzystaj\u0105c z naszej wiedzy i do\u015bwiadczenia oferujemy us\u0142ugi skupiaj\u0105ce projektowanie i analityk\u0119 planowanych rozwi\u0105za\u0144 informatycznych. Dzi\u0119ki zdobytemu do\u015bwiadczeniu w realizowanych projektach jeste\u015bmy<a class=\"moretag\" href=\"https:\/\/resotech.pl\/?page_id=49\">Read More&#8230;<\/a><\/p>\n","protected":false},"author":1,"featured_media":0,"parent":11,"menu_order":0,"comment_status":"closed","ping_status":"closed","template":"","meta":[],"_links":{"self":[{"href":"https:\/\/resotech.pl\/index.php?rest_route=\/wp\/v2\/pages\/49"}],"collection":[{"href":"https:\/\/resotech.pl\/index.php?rest_route=\/wp\/v2\/pages"}],"about":[{"href":"https:\/\/resotech.pl\/index.php?rest_route=\/wp\/v2\/types\/page"}],"author":[{"embeddable":true,"href":"https:\/\/resotech.pl\/index.php?rest_route=\/wp\/v2\/users\/1"}],"replies":[{"embeddable":true,"href":"https:\/\/resotech.pl\/index.php?rest_route=%2Fwp%2Fv2%2Fcomments&post=49"}],"version-history":[{"count":3,"href":"https:\/\/resotech.pl\/index.php?rest_route=\/wp\/v2\/pages\/49\/revisions"}],"predecessor-version":[{"id":163,"href":"https:\/\/resotech.pl\/index.php?rest_route=\/wp\/v2\/pages\/49\/revisions\/163"}],"up":[{"embeddable":true,"href":"https:\/\/resotech.pl\/index.php?rest_route=\/wp\/v2\/pages\/11"}],"wp:attachment":[{"href":"https:\/\/resotech.pl\/index.php?rest_route=%2Fwp%2Fv2%2Fmedia&parent=49"}],"curies":[{"name":"wp","href":"https:\/\/api.w.org\/{rel}","templated":true}]}}