{"id":59,"date":"2016-03-30T13:19:28","date_gmt":"2016-03-30T11:19:28","guid":{"rendered":"https:\/\/resotech.pl\/?page_id=59"},"modified":"2016-03-30T13:50:56","modified_gmt":"2016-03-30T11:50:56","slug":"architektura-zorientowana-na-uslugi","status":"publish","type":"page","link":"https:\/\/resotech.pl\/?page_id=59","title":{"rendered":"Architektura zorientowana na us\u0142ugi"},"content":{"rendered":"[vc_row][vc_column][vc_column_text]Integracja aplikacji to nie tylko zmiana mechanizm\u00f3w komunikacji i wymiany danych pomi\u0119dzy systemami, co jest typowym wyzwaniem dla IT, lecz g\u0142\u00f3wnie analiza, modelowanie i zarz\u0105dzanie procesami biznesowymi organizacji. Integracja system\u00f3w IT prowadzi do uzyskania sp\u00f3jnych danych biznesowych, co ma bezpo\u015bredni wp\u0142yw na efektywne zarz\u0105dzanie firm\u0105, sprawny przep\u0142yw informacji i \u0142atwy dost\u0119p do gromadzonych danych.<\/p>\n<p>Jednym z\u00a0najwi\u0119kszych wyzwa\u0144 jakie stoj\u0105 przed organizacj\u0105, w\u00a0szczeg\u00f3lno\u015bci przed s\u0142u\u017cbami IT, jest zarz\u0105dzanie \u015brodowiskiem aplikacyjnym. Znaczna liczba wykorzystywanych rozwi\u0105za\u0144, podlegaj\u0105cych sta\u0142emu rozwojowi oraz zmieniaj\u0105ce si\u0119 potrzeby organizacji (podniesienie wersji aplikacji, dodanie nowej funkcjonalno\u015bci, migracja do nowego rozwi\u0105zania) powoduj\u0105, \u017ce model integracji \u201eka\u017cdy z\u00a0ka\u017cdym\u201d jest praktycznie nieu\u017cyteczny.<\/p>\n<p>Rozwi\u0105zaniem zapewniaj\u0105cym sta\u0142\u0105, poprawn\u0105 i\u00a0wydajn\u0105 wsp\u00f3\u0142prac\u0119 w\u00a0dynamicznie zmiennym i\u00a0niejednorodnym \u015brodowisku aplikacyjnym (rozwi\u0105zania r\u00f3\u017cnych producent\u00f3w, w\u00a0r\u00f3\u017cnych technologiach) jest wykorzystanie szyny us\u0142ug.<\/p>\n<p>Szyna us\u0142ug (ESB), czyli g\u0142\u00f3wny element architektury zorientowanej na us\u0142ugi (SOA), to kompleksowe rozwi\u0105zanie integracyjne \u015brodowisk informatycznych i\u00a0centralny punkt dost\u0119pu do oferowanych us\u0142ug, dzi\u0119ki kt\u00f3remu mo\u017cemy dynamicznie przy\u0142\u0105cza\u0107 i\u00a0od\u0142\u0105cza\u0107 us\u0142ugi wchodz\u0105ce w\u00a0sk\u0142ad korporacyjnego systemu informacyjnego. Szyna ESB umo\u017cliwia wymian\u0119 danych mi\u0119dzy wszystkimi systemami i\u00a0aplikacjami oraz standaryzuje \u015brodowisko aplikacyjne, interfejsy i\u00a0formaty danych. Pozwala to uwolni\u0107 si\u0119 od sieci powi\u0105za\u0144 \u201eka\u017cdy z\u00a0ka\u017cdym\u201d pomi\u0119dzy aplikacjami oraz budowa\u0107 nowe us\u0142ugi na bazie ju\u017c istniej\u0105cych.<\/p>\n<p><img decoding=\"async\" loading=\"lazy\" class=\"alignleft wp-image-60 size-full\" src=\"https:\/\/resotech.pl\/wp-content\/uploads\/2016\/03\/diagram01.png\" alt=\"diagram01\" width=\"1210\" height=\"958\" srcset=\"https:\/\/resotech.pl\/wp-content\/uploads\/2016\/03\/diagram01.png 1210w, https:\/\/resotech.pl\/wp-content\/uploads\/2016\/03\/diagram01-300x238.png 300w, https:\/\/resotech.pl\/wp-content\/uploads\/2016\/03\/diagram01-768x608.png 768w, https:\/\/resotech.pl\/wp-content\/uploads\/2016\/03\/diagram01-1024x811.png 1024w\" sizes=\"(max-width: 1210px) 100vw, 1210px\" \/><\/p>\n<p>Jednym z najbardziej warto\u015bciowych zasob\u00f3w firmy, zaraz po ludziach, s\u0105 dane. To w\u0142a\u015bnie one s\u0105 niezb\u0119dne do jej sprawnego funkcjonowania i rentowno\u015bci organizacji. Gromadzenie danych, jest po\u0142ow\u0105 sukcesu, nale\u017cy jednak umie\u0107 je odpowiednio wykorzysta\u0107, pami\u0119taj\u0105c, \u017ce ze wzgl\u0119du na r\u00f3\u017cnorodno\u015b\u0107 system\u00f3w wspomagaj\u0105cych dzia\u0142anie przedsi\u0119biorstw, s\u0105 one cz\u0119sto rozproszone. W tej sytuacji warto pomy\u015ble\u0107 o wsparciu, jakie niesie za sob\u0105 wykorzystanie szyny ESB, dzi\u0119ki kt\u00f3rej mo\u017cemy w sprawny spos\u00f3b przekazywa\u0107 dane pomi\u0119dzy aplikacjami. Ka\u017cda firma, w kt\u00f3rej wdro\u017cono platform\u0119 integracyjn\u0105 potwierdzi, \u017ce korzy\u015bci z niej p\u0142yn\u0105ce wykraczaj\u0105 daleko poza IT. Dzi\u0119ki zdobytemu do\u015bwiadczeniu Resotech wspiera swoich Klient\u00f3w w zarz\u0105dzaniu \u015brodowiskiem aplikacyjnym.[\/vc_column_text][\/vc_column][\/vc_row][vc_row][vc_column width=&#8221;1\/3&#8243;][vc_single_image image=&#8221;65&#8243; img_size=&#8221;full&#8221;][\/vc_column][vc_column width=&#8221;1\/3&#8243;][vc_single_image image=&#8221;64&#8243; img_size=&#8221;full&#8221;][\/vc_column][vc_column width=&#8221;1\/3&#8243;][vc_single_image image=&#8221;63&#8243; img_size=&#8221;full&#8221;][\/vc_column][\/vc_row]\n","protected":false},"excerpt":{"rendered":"<p>[vc_row][vc_column][vc_column_text]Integracja aplikacji to nie tylko zmiana mechanizm\u00f3w komunikacji i wymiany danych pomi\u0119dzy systemami, co jest typowym wyzwaniem dla IT, lecz g\u0142\u00f3wnie analiza, modelowanie i zarz\u0105dzanie procesami biznesowymi organizacji. Integracja system\u00f3w IT prowadzi<a class=\"moretag\" href=\"https:\/\/resotech.pl\/?page_id=59\">Read More&#8230;<\/a><\/p>\n","protected":false},"author":1,"featured_media":0,"parent":11,"menu_order":0,"comment_status":"closed","ping_status":"closed","template":"","meta":[],"_links":{"self":[{"href":"https:\/\/resotech.pl\/index.php?rest_route=\/wp\/v2\/pages\/59"}],"collection":[{"href":"https:\/\/resotech.pl\/index.php?rest_route=\/wp\/v2\/pages"}],"about":[{"href":"https:\/\/resotech.pl\/index.php?rest_route=\/wp\/v2\/types\/page"}],"author":[{"embeddable":true,"href":"https:\/\/resotech.pl\/index.php?rest_route=\/wp\/v2\/users\/1"}],"replies":[{"embeddable":true,"href":"https:\/\/resotech.pl\/index.php?rest_route=%2Fwp%2Fv2%2Fcomments&post=59"}],"version-history":[{"count":3,"href":"https:\/\/resotech.pl\/index.php?rest_route=\/wp\/v2\/pages\/59\/revisions"}],"predecessor-version":[{"id":66,"href":"https:\/\/resotech.pl\/index.php?rest_route=\/wp\/v2\/pages\/59\/revisions\/66"}],"up":[{"embeddable":true,"href":"https:\/\/resotech.pl\/index.php?rest_route=\/wp\/v2\/pages\/11"}],"wp:attachment":[{"href":"https:\/\/resotech.pl\/index.php?rest_route=%2Fwp%2Fv2%2Fmedia&parent=59"}],"curies":[{"name":"wp","href":"https:\/\/api.w.org\/{rel}","templated":true}]}}