{"id":70,"date":"2016-03-30T13:33:24","date_gmt":"2016-03-30T11:33:24","guid":{"rendered":"https:\/\/resotech.pl\/?page_id=70"},"modified":"2016-03-30T13:33:24","modified_gmt":"2016-03-30T11:33:24","slug":"portale-i-platformy-b2b","status":"publish","type":"page","link":"https:\/\/resotech.pl\/?page_id=70","title":{"rendered":"Portale i platformy B2B"},"content":{"rendered":"<p>Rynek aplikacji portalowych jest dynamicznie rozwijaj\u0105cym si\u0119 sektorem, stanowi\u0105cym szans\u0119 dla nowych graczy. Jest to obszar, w kt\u00f3rym <strong>Resotech<\/strong> koncentruje si\u0119 na oferowaniu us\u0142ugi w postaci tworzenia portalu internetowego.<\/p>\n<p>Dedykowane platformy B2B usprawniaj\u0105 i ograniczaj\u0105 koszty transakcji zawieranych pomi\u0119dzy przedsi\u0119biorcami. Oferujemy kompleksowe rozwi\u0105zania w zakresie projektowania oraz wdra\u017cania portali i platform B2B.<\/p>\n<p>Tworzone i wdra\u017cane rozwi\u0105zania to wynik wieloletniego do\u015bwiadczenia Sp\u00f3\u0142ki oraz jej partner\u00f3w we wsp\u00f3\u0142pracy z Klientami r\u00f3\u017cnych bran\u017c. Ka\u017cda implementacja poprzedzona jest pog\u0142\u0119bionymi analizami przed wdro\u017ceniowymi, w tym zar\u00f3wno analizami proces\u00f3w biznesowych, funkcjonalnych, jak i technologicznych.<\/p>\n<p>Oferujemy spersonalizowane rozwi\u0105zania dopasowane pod wzgl\u0119dem indywidualnych potrzeb Klienta, kt\u00f3re w pe\u0142ni odzwierciedlaj\u0105 specyfik\u0119 bran\u017cy, proces\u00f3w biznesowych oraz transakcji pomi\u0119dzy partnerami. Wszystko przy zachowaniu wysokiej wydajno\u015bci systemu i obs\u0142ugi na najwy\u017cszym poziomie.<\/p>\n<p>Korzy\u015bci wynikaj\u0105ce z wdro\u017cenia platformy B2B:<\/p>\n<ul>\n<li>automatyzacja proces\u00f3w daj\u0105ca szereg korzy\u015bci biznesowych<\/li>\n<li>wysoka wydajno\u015b\u0107 i skalowalno\u015b\u0107 aplikacji<\/li>\n<li>pe\u0142na integracja z systemami zewn\u0119trznymi i wewn\u0119trznymi<\/li>\n<li>mechanizmy promocyjne pozwalaj\u0105ce zwi\u0119ksza\u0107 obroty z partnerami handlowymi<\/li>\n<li>automatyczna integracja z partnerami biznesowymi za po\u015brednictwem format\u00f3w wymiany danych EDI<\/li>\n<\/ul>\n","protected":false},"excerpt":{"rendered":"<p>Rynek aplikacji portalowych jest dynamicznie rozwijaj\u0105cym si\u0119 sektorem, stanowi\u0105cym szans\u0119 dla nowych graczy. Jest to obszar, w kt\u00f3rym Resotech koncentruje si\u0119 na oferowaniu us\u0142ugi w postaci tworzenia portalu internetowego. Dedykowane platformy B2B<a class=\"moretag\" href=\"https:\/\/resotech.pl\/?page_id=70\">Read More&#8230;<\/a><\/p>\n","protected":false},"author":1,"featured_media":0,"parent":11,"menu_order":0,"comment_status":"closed","ping_status":"closed","template":"","meta":[],"_links":{"self":[{"href":"https:\/\/resotech.pl\/index.php?rest_route=\/wp\/v2\/pages\/70"}],"collection":[{"href":"https:\/\/resotech.pl\/index.php?rest_route=\/wp\/v2\/pages"}],"about":[{"href":"https:\/\/resotech.pl\/index.php?rest_route=\/wp\/v2\/types\/page"}],"author":[{"embeddable":true,"href":"https:\/\/resotech.pl\/index.php?rest_route=\/wp\/v2\/users\/1"}],"replies":[{"embeddable":true,"href":"https:\/\/resotech.pl\/index.php?rest_route=%2Fwp%2Fv2%2Fcomments&post=70"}],"version-history":[{"count":1,"href":"https:\/\/resotech.pl\/index.php?rest_route=\/wp\/v2\/pages\/70\/revisions"}],"predecessor-version":[{"id":71,"href":"https:\/\/resotech.pl\/index.php?rest_route=\/wp\/v2\/pages\/70\/revisions\/71"}],"up":[{"embeddable":true,"href":"https:\/\/resotech.pl\/index.php?rest_route=\/wp\/v2\/pages\/11"}],"wp:attachment":[{"href":"https:\/\/resotech.pl\/index.php?rest_route=%2Fwp%2Fv2%2Fmedia&parent=70"}],"curies":[{"name":"wp","href":"https:\/\/api.w.org\/{rel}","templated":true}]}}