{"id":74,"date":"2016-03-30T13:38:29","date_gmt":"2016-03-30T11:38:29","guid":{"rendered":"https:\/\/resotech.pl\/?page_id=74"},"modified":"2016-03-30T13:38:29","modified_gmt":"2016-03-30T11:38:29","slug":"aplikacje-mobilne","status":"publish","type":"page","link":"https:\/\/resotech.pl\/?page_id=74","title":{"rendered":"Aplikacje mobilne"},"content":{"rendered":"<p>Dynamika rozwoju rynku urz\u0105dze\u0144 mobilnych sk\u0142ania firmy do tworzenia aplikacji, kt\u00f3re ze wzgl\u0119du na swoj\u0105 innowacyjno\u015b\u0107 i intuicyjno\u015b\u0107 obs\u0142ugi, u\u0142atwiaj\u0105 u\u017cytkownikom korzystanie z niezb\u0119dnych narz\u0119dzi.<br \/>\nPlatforma\u00a0aplikacji mobilnych\u00a0daje r\u00f3wnie\u017c nowe pod\u0142o\u017ce do dystrybucji aplikacji typu e-commerce \u2013 \u00a0pozwalaj\u0105c dotrze\u0107 do nowych klient\u00f3w i nowych rynk\u00f3w.<\/p>\n<p>Niemal\u017ce nieograniczone mo\u017cliwo\u015bci dystrybucji \u00a0oraz wci\u0105\u017c rosn\u0105ca liczba u\u017cytkownik\u00f3w nios\u0105 ze sob\u0105 wiele ciekawych perspektyw i mo\u017cliwo\u015bci zysku.<\/p>\n<p>Dzi\u0119ki zdobytemu do\u015bwiadczeniu oraz do\u015bwiadczeniu naszych sprawdzonych partner\u00f3w <strong>Resotech<\/strong> dysponuje zespo\u0142em realizuj\u0105cym aplikacje w nast\u0119puj\u0105cych technologiach:<\/p>\n<ul>\n<li>Google Android \u2013 smartfony i tablety z systemem Android<\/li>\n<li>Apple iOS \u2013 urz\u0105dzenia iPad, iPod, iPhone<\/li>\n<li>PhoneGap \u2013 podej\u015bcie WORM (write one, run many)<\/li>\n<li>Wykorzystanie HTML5 do tworzenia lekkich i wydajnych stron mobilnych<\/li>\n<li>App Indexing \u2013 SEO dla aplikacji mobilnych<\/li>\n<\/ul>\n","protected":false},"excerpt":{"rendered":"<p>Dynamika rozwoju rynku urz\u0105dze\u0144 mobilnych sk\u0142ania firmy do tworzenia aplikacji, kt\u00f3re ze wzgl\u0119du na swoj\u0105 innowacyjno\u015b\u0107 i intuicyjno\u015b\u0107 obs\u0142ugi, u\u0142atwiaj\u0105 u\u017cytkownikom korzystanie z niezb\u0119dnych narz\u0119dzi. Platforma\u00a0aplikacji mobilnych\u00a0daje r\u00f3wnie\u017c nowe pod\u0142o\u017ce do dystrybucji<a class=\"moretag\" href=\"https:\/\/resotech.pl\/?page_id=74\">Read More&#8230;<\/a><\/p>\n","protected":false},"author":1,"featured_media":0,"parent":11,"menu_order":0,"comment_status":"closed","ping_status":"closed","template":"","meta":[],"_links":{"self":[{"href":"https:\/\/resotech.pl\/index.php?rest_route=\/wp\/v2\/pages\/74"}],"collection":[{"href":"https:\/\/resotech.pl\/index.php?rest_route=\/wp\/v2\/pages"}],"about":[{"href":"https:\/\/resotech.pl\/index.php?rest_route=\/wp\/v2\/types\/page"}],"author":[{"embeddable":true,"href":"https:\/\/resotech.pl\/index.php?rest_route=\/wp\/v2\/users\/1"}],"replies":[{"embeddable":true,"href":"https:\/\/resotech.pl\/index.php?rest_route=%2Fwp%2Fv2%2Fcomments&post=74"}],"version-history":[{"count":1,"href":"https:\/\/resotech.pl\/index.php?rest_route=\/wp\/v2\/pages\/74\/revisions"}],"predecessor-version":[{"id":75,"href":"https:\/\/resotech.pl\/index.php?rest_route=\/wp\/v2\/pages\/74\/revisions\/75"}],"up":[{"embeddable":true,"href":"https:\/\/resotech.pl\/index.php?rest_route=\/wp\/v2\/pages\/11"}],"wp:attachment":[{"href":"https:\/\/resotech.pl\/index.php?rest_route=%2Fwp%2Fv2%2Fmedia&parent=74"}],"curies":[{"name":"wp","href":"https:\/\/api.w.org\/{rel}","templated":true}]}}