{"id":77,"date":"2016-03-30T13:43:12","date_gmt":"2016-03-30T11:43:12","guid":{"rendered":"https:\/\/resotech.pl\/?page_id=77"},"modified":"2016-03-30T13:43:12","modified_gmt":"2016-03-30T11:43:12","slug":"bezpieczenstwo-systemow-informatycznych","status":"publish","type":"page","link":"https:\/\/resotech.pl\/?page_id=77","title":{"rendered":"Bezpiecze\u0144stwo system\u00f3w informatycznych"},"content":{"rendered":"<p>W dobie powszechnej informatyzacji, nikogo nie trzeba przekonywa\u0107 jak wa\u017cne jest, aby zachowa\u0107 bezpiecze\u0144stwo IT w ka\u017cdej organizacji. \u0141atwo\u015b\u0107 u\u017cytkowania i powszechno\u015b\u0107 Internetu u\u0142atwia dost\u0119p do informacji przechowywanych w systemach informatycznych.<\/p>\n<p>Evertech jest rozwi\u0105zaniem do sta\u0142ego monitoringu, kontroli i rejestracji zdalnych sesji dost\u0119pu do system\u00f3w informatycznych. Jego zastosowanie pozwala na zapewnienie mo\u017cliwie najwy\u017cszego poziomu bezpiecze\u0144stwa firmowej infrastruktury IT, podczas wsp\u00f3\u0142pracy z zewn\u0119trznymi partnerami biznesowymi.<\/p>\n<p>Rozwi\u0105zanie umo\u017cliwia aktywny monitoring ruchu w sieci i rejestruje wszelkie sesje dost\u0119pu <strong>SSH, RDP, HTTP, HTTPS, MySQL, Oracle oraz VNC<\/strong>, umo\u017cliwiaj\u0105c analiz\u0119 zar\u00f3wno sesji archiwalnych jak i obecnie trwaj\u0105cych.<\/p>\n","protected":false},"excerpt":{"rendered":"<p>W dobie powszechnej informatyzacji, nikogo nie trzeba przekonywa\u0107 jak wa\u017cne jest, aby zachowa\u0107 bezpiecze\u0144stwo IT w ka\u017cdej organizacji. \u0141atwo\u015b\u0107 u\u017cytkowania i powszechno\u015b\u0107 Internetu u\u0142atwia dost\u0119p do informacji przechowywanych w systemach informatycznych. Evertech<a class=\"moretag\" href=\"https:\/\/resotech.pl\/?page_id=77\">Read More&#8230;<\/a><\/p>\n","protected":false},"author":1,"featured_media":0,"parent":11,"menu_order":0,"comment_status":"closed","ping_status":"closed","template":"","meta":[],"_links":{"self":[{"href":"https:\/\/resotech.pl\/index.php?rest_route=\/wp\/v2\/pages\/77"}],"collection":[{"href":"https:\/\/resotech.pl\/index.php?rest_route=\/wp\/v2\/pages"}],"about":[{"href":"https:\/\/resotech.pl\/index.php?rest_route=\/wp\/v2\/types\/page"}],"author":[{"embeddable":true,"href":"https:\/\/resotech.pl\/index.php?rest_route=\/wp\/v2\/users\/1"}],"replies":[{"embeddable":true,"href":"https:\/\/resotech.pl\/index.php?rest_route=%2Fwp%2Fv2%2Fcomments&post=77"}],"version-history":[{"count":1,"href":"https:\/\/resotech.pl\/index.php?rest_route=\/wp\/v2\/pages\/77\/revisions"}],"predecessor-version":[{"id":78,"href":"https:\/\/resotech.pl\/index.php?rest_route=\/wp\/v2\/pages\/77\/revisions\/78"}],"up":[{"embeddable":true,"href":"https:\/\/resotech.pl\/index.php?rest_route=\/wp\/v2\/pages\/11"}],"wp:attachment":[{"href":"https:\/\/resotech.pl\/index.php?rest_route=%2Fwp%2Fv2%2Fmedia&parent=77"}],"curies":[{"name":"wp","href":"https:\/\/api.w.org\/{rel}","templated":true}]}}