{"id":83,"date":"2016-03-30T13:56:46","date_gmt":"2016-03-30T11:56:46","guid":{"rendered":"https:\/\/resotech.pl\/?page_id=83"},"modified":"2016-03-30T13:57:36","modified_gmt":"2016-03-30T11:57:36","slug":"software-ag-webmethods-esb","status":"publish","type":"page","link":"https:\/\/resotech.pl\/?page_id=83","title":{"rendered":"Software AG webMethods ESB"},"content":{"rendered":"<p><strong>webMethods<\/strong>\u00a0to jedna z najbardziej rozpowszechnionych platform umo\u017cliwiaj\u0105cych integracj\u0119 system\u00f3w IT. Umo\u017cliwia ona budow\u0119 kompletnych \u015brodowisk\u00a0EAI, a dzi\u0119ki przyj\u0119tej filozofii w naturalny spos\u00f3b sprzyja tworzeniu rozwi\u0105za\u0144 integracyjnych w architekturze\u00a0SOA. webMethods dostarcza narz\u0119dzia wspieraj\u0105ce zar\u00f3wno etap projektowania, tworzenia jak i utrzymania rozwi\u0105za\u0144 integracyjnych.<\/p>\n<p>G\u0142\u00f3wn\u0105 zalet\u0105 webMethods, i zarazem przewag\u0105 nad konkurencj\u0105, jest kompletno\u015b\u0107 rozwi\u0105zania.\u00a0webMethods ESB\u00a0to nie tylko szyna integracyjna, ale pe\u0142ne wsparcie dla nowoczesnego IT:<\/p>\n<ul>\n<li>Business Process Management:\u00a0webMethods udost\u0119pnia kompletne \u015brodowisko do tworzenia, uruchamiania, monitorowania oraz optymalizacji proces\u00f3w biznesowych.<\/li>\n<li>Business Activity Monitoring:\u00a0Aby w pe\u0142ni wykorzysta\u0107 mo\u017cliwo\u015bci IT w biznesie niezb\u0119dny jest szczeg\u00f3\u0142owy wgl\u0105d w prac\u0119 system\u00f3w. webMethods BAM daje pe\u0142ny wgl\u0105d w przetwarzane us\u0142ugi dzi\u0119ki czemu mo\u017cliwa jest szybka reakcja na wszelkiego rodzaju b\u0142\u0119dy, zanim dotkn\u0105 one Klienta ko\u0144cowego.<br \/>\nPe\u0142ny wgl\u0105d w us\u0142ugi to tak\u017ce mo\u017cliwo\u015b\u0107 analizowania proces\u00f3w w celu ich ulepszenia.<\/li>\n<li>B2B \/ Trading Networks:\u00a0Platforma webMethods rozwi\u0105zuje wszelkie problemy komunikacji systemowej z Partnerami Biznesowymi udost\u0119pniaj\u0105c jedn\u0105 bramk\u0119 dla wszystkich transakcji zewn\u0119trznych.<\/li>\n<li>SOA governance:\u00a0Pakiet webMethods dostarcza kompletny zbi\u00f3r rozwi\u0105za\u0144 do wdro\u017cenia SOA, kt\u00f3re spowoduje faktyczny wzrost konkurencyjno\u015bci przedsi\u0119biorstwa na rynku.<\/li>\n<li>Mobile:\u00a0webMethods Mobile Designer\u00a0 to platforma, kt\u00f3ra rozwi\u0105zuje problem tworzenia aplikacji mobilnych dla wielu system\u00f3w operacyjnych (iOS, Android, Blackberry). Raz stworzona, przy pomocy Mobile Designer, aplikacja b\u0119dzie dzia\u0142a\u0142a na wi\u0119kszo\u015bci wiod\u0105cych systemach mobilnych.<\/li>\n<\/ul>\n<p>Kompletny zbi\u00f3r informacji na temat\u00a0technologii webMethods oraz korzy\u015bci jakie mo\u017ce ona przynie\u015b\u0107 Pa\u0144stwa Firmie znajduje si\u0119 na stronie.<br \/>\n(<a href=\"http:\/\/www.softwareag.com\/corporate\/products\/default.asp\" target=\"_blank\">http:\/\/www.softwareag.com\/corporate\/products\/default.asp<\/a>)<\/p>\n","protected":false},"excerpt":{"rendered":"<p>webMethods\u00a0to jedna z najbardziej rozpowszechnionych platform umo\u017cliwiaj\u0105cych integracj\u0119 system\u00f3w IT. Umo\u017cliwia ona budow\u0119 kompletnych \u015brodowisk\u00a0EAI, a dzi\u0119ki przyj\u0119tej filozofii w naturalny spos\u00f3b sprzyja tworzeniu rozwi\u0105za\u0144 integracyjnych w architekturze\u00a0SOA. webMethods dostarcza narz\u0119dzia wspieraj\u0105ce<a class=\"moretag\" href=\"https:\/\/resotech.pl\/?page_id=83\">Read More&#8230;<\/a><\/p>\n","protected":false},"author":1,"featured_media":0,"parent":59,"menu_order":0,"comment_status":"closed","ping_status":"closed","template":"","meta":[],"_links":{"self":[{"href":"https:\/\/resotech.pl\/index.php?rest_route=\/wp\/v2\/pages\/83"}],"collection":[{"href":"https:\/\/resotech.pl\/index.php?rest_route=\/wp\/v2\/pages"}],"about":[{"href":"https:\/\/resotech.pl\/index.php?rest_route=\/wp\/v2\/types\/page"}],"author":[{"embeddable":true,"href":"https:\/\/resotech.pl\/index.php?rest_route=\/wp\/v2\/users\/1"}],"replies":[{"embeddable":true,"href":"https:\/\/resotech.pl\/index.php?rest_route=%2Fwp%2Fv2%2Fcomments&post=83"}],"version-history":[{"count":2,"href":"https:\/\/resotech.pl\/index.php?rest_route=\/wp\/v2\/pages\/83\/revisions"}],"predecessor-version":[{"id":85,"href":"https:\/\/resotech.pl\/index.php?rest_route=\/wp\/v2\/pages\/83\/revisions\/85"}],"up":[{"embeddable":true,"href":"https:\/\/resotech.pl\/index.php?rest_route=\/wp\/v2\/pages\/59"}],"wp:attachment":[{"href":"https:\/\/resotech.pl\/index.php?rest_route=%2Fwp%2Fv2%2Fmedia&parent=83"}],"curies":[{"name":"wp","href":"https:\/\/api.w.org\/{rel}","templated":true}]}}