{"id":9,"date":"2017-08-07T14:32:22","date_gmt":"2017-08-07T12:32:22","guid":{"rendered":"https:\/\/resotech.pl\/?page_id=9"},"modified":"2023-05-26T13:04:35","modified_gmt":"2023-05-26T11:04:35","slug":"start","status":"publish","type":"page","link":"https:\/\/resotech.pl\/","title":{"rendered":"Start"},"content":{"rendered":"[vc_row][vc_column width=&#8221;1\/3&#8243;][vc_cta h2=&#8221;Tworzenie rozwi\u0105za\u0144 dedykowanych&#8221; h4=&#8221;Resotech dysponuje zespo\u0142em dobrze wykwalifikowanych programist\u00f3w&#8221; txt_align=&#8221;center&#8221; shape=&#8221;square&#8221; style=&#8221;flat&#8221; color=&#8221;grey&#8221;]Tworzenie dedykowanych aplikacji i system\u00f3w, \u00a0jest procesem wieloetapowym, wymagaj\u0105cym zaanga\u017cowania firm posiadaj\u0105cych do\u015bwiadczenie w zarz\u0105dzaniu zespo\u0142ami do\u015bwiadczonych specjalist\u00f3w posiadaj\u0105cych zr\u00f3\u017cnicowane kompetencje.[\/vc_cta][\/vc_column][vc_column width=&#8221;1\/3&#8243;][vc_cta h2=&#8221;Bezpiecze\u0144stwo system\u00f3w informatycznych&#8221; h4=&#8221;Evertech jest rozwi\u0105zaniem do sta\u0142ego monitoringu, kontroli i rejestracji dost\u0119pu&#8221; txt_align=&#8221;center&#8221; shape=&#8221;square&#8221; style=&#8221;flat&#8221; color=&#8221;grey&#8221;]Rozwi\u0105zanie umo\u017cliwia aktywny monitoring ruchu w sieci i rejestruje wszelkie sesje dost\u0119pu SSH, RDP, HTTP, HTTPS, MySQL, Oracle oraz VNC[\/vc_cta][\/vc_column][vc_column width=&#8221;1\/3&#8243;][vc_cta h2=&#8221;Us\u0142ugi analityczne&#8221; h4=&#8221;Pozwalaj\u0105 zidentyfikowa\u0107 i skategoryzowa\u0107 procesy biznesowe, technologie oraz modu\u0142y systemowe&#8221; txt_align=&#8221;center&#8221; shape=&#8221;square&#8221; style=&#8221;flat&#8221; color=&#8221;grey&#8221;]Kluczowym celem us\u0142ug analitycznych jest stworzenie szczeg\u00f3\u0142owej dokumentacji, kt\u00f3ra b\u0119dzie stanowi\u0107 odzwierciedlenie w postaci opis\u00f3w i diagram\u00f3w wizji strategicznej oraz technologicznej analizowanego przedsi\u0119biorstwa lub systemu.[\/vc_cta][\/vc_column][\/vc_row][vc_row][vc_column]<div id=\"ultib3-72527138369f9b549a091c\" class=\" ultb3-box ult-adjust-bottom-margin  \" style=\"\"><div id=\"Info-banner-wrap8463\" class=\"ultb3-info ib3-info-center\" data-animation=\"fadeInLeft\" data-animation-delay=\"03\"><div class=\"ultb3-title ult-responsive\"  data-ultimate-target='#Info-banner-wrap8463 .ultb3-title'  data-responsive-json-new='{\"font-size\":\"\",\"line-height\":\"\"}'  style=\"font-weight:normal;\">Zosta\u0144 programist\u0105 w Resotech<\/div><div class=\"ultb3-desc ult-responsive\"  data-ultimate-target='#Info-banner-wrap8463 .ultb3-desc'  data-responsive-json-new='{\"font-size\":\"\",\"line-height\":\"\"}'  style=\"font-weight:normal;\">Zosta\u0144 cz\u0119\u015bci\u0105 zespo\u0142u realizuj\u0105cego zaawansowane projekty programistyczne dla wymagaj\u0105cych klient\u00f3w.<\/div><a href=\"https:\/\/resotech.pl\/?page_id=107\"   class=\"ultb3-btn ult-responsive\"  data-ultimate-target='#Info-banner-wrap8463 .ultb3-btn'  data-responsive-json-new='{\"font-size\":\"\",\"line-height\":\"\"}'  style=\"font-weight:normal;\">Aplikuj<i class=\"Defaults-angle-right\"><\/i><\/a><\/div><\/div><style>\n\t\t\t\t\t#ultib3-72527138369f9b549a091c {\n\t\t\t\t\t\tmin-height:50px;\n\t\t\t\t\t}\n\t\t\t\t\t#ultib3-72527138369f9b549a091c img.ultb3-img {\n\t\t\t\t\t\theight: px;\n\t\t\t\t\t}\n\t\t\t\t\t#ultib3-72527138369f9b549a091c .ultb3-btn {\n\t\t\t\t\t\tborder:1px solid #003f6a;border-radius:10px;color:#898989;\n\t\t\t\t\t}\n\t\t\t\t\t#ultib3-72527138369f9b549a091c .ultb3-btn:hover {\n\t\t\t\t\t\tbackground:#003f6a;color:#ffffff;\n\t\t\t\t\t}\n\t\t\t\t<\/style>[\/vc_column][\/vc_row][vc_row][vc_column]<div id=\"ultib3-196909286269f9b549a094f\" class=\" ultb3-box ult-adjust-bottom-margin  \" style=\"\"><div id=\"Info-banner-wrap1513\" class=\"ultb3-info ib3-info-center\" data-animation=\"\" data-animation-delay=\"03\"><div class=\"ultb3-title ult-responsive\"  data-ultimate-target='#Info-banner-wrap1513 .ultb3-title'  data-responsive-json-new='{\"font-size\":\"\",\"line-height\":\"\"}'  style=\"font-weight:normal;\">Informacje o projekcie<\/div><div class=\"ultb3-desc ult-responsive\"  data-ultimate-target='#Info-banner-wrap1513 .ultb3-desc'  data-responsive-json-new='{\"font-size\":\"\",\"line-height\":\"\"}'  style=\"font-weight:normal;\">Sp\u00f3\u0142ka Resotech realizuje Projekt pn. \u201eWdro\u017cenie na rynek innowacyjnej gry EgiMaster rozwijaj\u0105cej kompetencje zarz\u0105dzania produkcj\u0105 umo\u017cliwiaj\u0105cej odwzorowania konkurencyjnych warunk\u00f3w rynkowych dzi\u0119ki wprowadzeniu wirtualnego gracza opartego o technologi\u0119 AI\u201d <\/div><a href=\"https:\/\/resotech.pl\/?page_id=202\"   class=\"ultb3-btn ult-responsive\"  data-ultimate-target='#Info-banner-wrap1513 .ultb3-btn'  data-responsive-json-new='{\"font-size\":\"\",\"line-height\":\"\"}'  style=\"font-weight:normal;\">Dowiedz si\u0119 wi\u0119cej<i class=\"Defaults-angle-right\"><\/i><\/a><\/div><\/div><style>\n\t\t\t\t\t#ultib3-196909286269f9b549a094f {\n\t\t\t\t\t\tmin-height:50px;\n\t\t\t\t\t}\n\t\t\t\t\t#ultib3-196909286269f9b549a094f img.ultb3-img {\n\t\t\t\t\t\theight: px;\n\t\t\t\t\t}\n\t\t\t\t\t#ultib3-196909286269f9b549a094f .ultb3-btn {\n\t\t\t\t\t\tborder:2px solid #1e73be;border-radius:50px;color:#898989;\n\t\t\t\t\t}\n\t\t\t\t\t#ultib3-196909286269f9b549a094f .ultb3-btn:hover {\n\t\t\t\t\t\tbackground:#1e73be;color:#ffffff;\n\t\t\t\t\t}\n\t\t\t\t<\/style>[\/vc_column][\/vc_row]\n","protected":false},"excerpt":{"rendered":"<p>[vc_row][vc_column width=&#8221;1\/3&#8243;][vc_cta h2=&#8221;Tworzenie rozwi\u0105za\u0144 dedykowanych&#8221; h4=&#8221;Resotech dysponuje zespo\u0142em dobrze wykwalifikowanych programist\u00f3w&#8221; txt_align=&#8221;center&#8221; shape=&#8221;square&#8221; style=&#8221;flat&#8221; color=&#8221;grey&#8221;]Tworzenie dedykowanych aplikacji i system\u00f3w, \u00a0jest procesem wieloetapowym, wymagaj\u0105cym zaanga\u017cowania firm posiadaj\u0105cych do\u015bwiadczenie w zarz\u0105dzaniu zespo\u0142ami do\u015bwiadczonych specjalist\u00f3w<a class=\"moretag\" href=\"https:\/\/resotech.pl\/\">Read More&#8230;<\/a><\/p>\n","protected":false},"author":1,"featured_media":0,"parent":0,"menu_order":0,"comment_status":"closed","ping_status":"closed","template":"","meta":[],"_links":{"self":[{"href":"https:\/\/resotech.pl\/index.php?rest_route=\/wp\/v2\/pages\/9"}],"collection":[{"href":"https:\/\/resotech.pl\/index.php?rest_route=\/wp\/v2\/pages"}],"about":[{"href":"https:\/\/resotech.pl\/index.php?rest_route=\/wp\/v2\/types\/page"}],"author":[{"embeddable":true,"href":"https:\/\/resotech.pl\/index.php?rest_route=\/wp\/v2\/users\/1"}],"replies":[{"embeddable":true,"href":"https:\/\/resotech.pl\/index.php?rest_route=%2Fwp%2Fv2%2Fcomments&post=9"}],"version-history":[{"count":21,"href":"https:\/\/resotech.pl\/index.php?rest_route=\/wp\/v2\/pages\/9\/revisions"}],"predecessor-version":[{"id":291,"href":"https:\/\/resotech.pl\/index.php?rest_route=\/wp\/v2\/pages\/9\/revisions\/291"}],"wp:attachment":[{"href":"https:\/\/resotech.pl\/index.php?rest_route=%2Fwp%2Fv2%2Fmedia&parent=9"}],"curies":[{"name":"wp","href":"https:\/\/api.w.org\/{rel}","templated":true}]}}